{"id":2785,"date":"2025-11-04T20:46:19","date_gmt":"2025-11-04T18:46:19","guid":{"rendered":"https:\/\/yellow-anteater-748602.hostingersite.com\/about\/"},"modified":"2025-11-05T17:35:31","modified_gmt":"2025-11-05T15:35:31","slug":"about","status":"publish","type":"page","link":"https:\/\/arctickuttura.com\/fi\/about\/","title":{"rendered":"Meist\u00e4"},"content":{"rendered":"<div data-elementor-type=\"wp-page\" data-elementor-id=\"2785\" class=\"elementor elementor-2785\">\n\t\t\t\t<div class=\"elementor-element elementor-element-dcfb448 e-flex e-con-boxed e-con e-parent\" data-id=\"dcfb448\" data-element_type=\"container\" data-settings=\"{&quot;background_background&quot;:&quot;classic&quot;}\">\n\t\t\t\t\t<div class=\"e-con-inner\">\n\t\t<div class=\"elementor-element elementor-element-d21b7e0 e-flex e-con-boxed e-con e-child\" data-id=\"d21b7e0\" data-element_type=\"container\">\n\t\t\t\t\t<div class=\"e-con-inner\">\n\t\t\t\t<div class=\"elementor-element elementor-element-e9fd9dc elementor-widget elementor-widget-heading\" data-id=\"e9fd9dc\" data-element_type=\"widget\" data-widget_type=\"heading.default\">\n\t\t\t\t<div class=\"elementor-widget-container\">\n\t\t\t\t\t<h1 class=\"elementor-heading-title elementor-size-default\">Me olemme Arctic Kuttura \u2013 Aito Lappi<\/h1>\t\t\t\t<\/div>\n\t\t\t\t<\/div>\n\t\t\t\t\t<\/div>\n\t\t\t\t<\/div>\n\t\t\t\t\t<\/div>\n\t\t\t\t<\/div>\n\t\t\t\t<section class=\"elementor-section elementor-top-section elementor-element elementor-element-wepjjh9 elementor-section-content-top elementor-section-boxed elementor-section-height-default elementor-section-height-default\" data-id=\"wepjjh9\" data-element_type=\"section\" data-settings=\"{&quot;background_background&quot;:&quot;classic&quot;}\">\n\t\t\t\t\t\t\t<div class=\"elementor-background-overlay\"><\/div>\n\t\t\t\t\t\t\t<div class=\"elementor-container elementor-column-gap-no\">\n\t\t\t\t\t<div class=\"elementor-column elementor-col-33 elementor-top-column elementor-element elementor-element-4b1c7ab\" data-id=\"4b1c7ab\" data-element_type=\"column\">\n\t\t\t<div class=\"elementor-widget-wrap elementor-element-populated\">\n\t\t\t\t\t\t<div class=\"elementor-element elementor-element-edef465 elementor-widget elementor-widget-heading\" data-id=\"edef465\" data-element_type=\"widget\" data-widget_type=\"heading.default\">\n\t\t\t\t<div class=\"elementor-widget-container\">\n\t\t\t\t\t<h2 class=\"elementor-heading-title elementor-size-default\">Kutturan perint\u00f6 \u2013 kest\u00e4vyys ja eettisyys<\/h2>\t\t\t\t<\/div>\n\t\t\t\t<\/div>\n\t\t\t\t\t<\/div>\n\t\t<\/div>\n\t\t\t\t<div class=\"elementor-column elementor-col-66 elementor-top-column elementor-element elementor-element-b7b3d22\" data-id=\"b7b3d22\" data-element_type=\"column\">\n\t\t\t<div class=\"elementor-widget-wrap elementor-element-populated\">\n\t\t\t\t\t\t<div class=\"elementor-element elementor-element-b78bc3d elementor-widget elementor-widget-text-editor\" data-id=\"b78bc3d\" data-element_type=\"widget\" data-widget_type=\"text-editor.default\">\n\t\t\t\t<div class=\"elementor-widget-container\">\n\t\t\t\t\t\t\t\t\t<p>Poronhoito on el\u00e4m\u00e4ntapa, joka on syv\u00e4lle juurtunut t\u00e4m\u00e4n er\u00e4maan sieluun. Arctic Kutturalla emme vain jatka t\u00e4t\u00e4 perinnett\u00e4 \u2013 olemme intohimoisesti sitoutuneet varmistamaan sen s\u00e4ilymisen tuleville sukupolville. Toimintaamme ohjaavat kaksi keskeist\u00e4 arvoa: <b>kest\u00e4vyys tulevia sukupolvia varten<\/b> ja tinkim\u00e4t\u00f6n <b>eettinen toiminta<\/b>Uskomme, ett\u00e4 Lapin kauneuden jakaminen edellytt\u00e4\u00e4 vastuullisuutta \u2013 maasta ja poroista on pidett\u00e4v\u00e4 huolta, jotta ne s\u00e4ilyv\u00e4t puhtaina ja elinvoimaisina viel\u00e4 vuosikymmeni\u00e4 eteenp\u00e4in. T\u00e4m\u00e4 on lupauksemme Kutturalle.<\/p>\t\t\t\t\t\t\t\t<\/div>\n\t\t\t\t<\/div>\n\t\t\t\t\t<\/div>\n\t\t<\/div>\n\t\t\t\t\t<\/div>\n\t\t<\/section>\n\t\t<div class=\"elementor-element elementor-element-hm5sqpc e-flex e-con-boxed e-con e-parent\" data-id=\"hm5sqpc\" data-element_type=\"container\" data-settings=\"{&quot;background_background&quot;:&quot;classic&quot;}\">\n\t\t\t\t\t<div class=\"e-con-inner\">\n\t\t<div class=\"elementor-element elementor-element-e6150a2 e-con-full e-flex e-con e-child\" data-id=\"e6150a2\" data-element_type=\"container\">\n\t\t\t\t<div class=\"elementor-element elementor-element-9b85f4b elementor-widget elementor-widget-image\" data-id=\"9b85f4b\" data-element_type=\"widget\" data-widget_type=\"image.default\">\n\t\t\t\t<div class=\"elementor-widget-container\">\n\t\t\t\t\t\t\t\t\t\t\t\t\t\t\t<img fetchpriority=\"high\" decoding=\"async\" width=\"1707\" height=\"1233\" src=\"https:\/\/arctickuttura.com\/wp-content\/uploads\/2025\/11\/pexels-photo-30546744-30546744-scaled-e1762290549787.jpg\" class=\"attachment-full size-full wp-image-2893\" alt=\"A white reindeer in a serene snowy landscape in Norway, with mountains in the background.\" srcset=\"https:\/\/arctickuttura.com\/wp-content\/uploads\/2025\/11\/pexels-photo-30546744-30546744-scaled-e1762290549787.jpg 1707w, https:\/\/arctickuttura.com\/wp-content\/uploads\/2025\/11\/pexels-photo-30546744-30546744-scaled-e1762290549787-300x217.jpg 300w, https:\/\/arctickuttura.com\/wp-content\/uploads\/2025\/11\/pexels-photo-30546744-30546744-scaled-e1762290549787-1024x740.jpg 1024w, https:\/\/arctickuttura.com\/wp-content\/uploads\/2025\/11\/pexels-photo-30546744-30546744-scaled-e1762290549787-768x555.jpg 768w, https:\/\/arctickuttura.com\/wp-content\/uploads\/2025\/11\/pexels-photo-30546744-30546744-scaled-e1762290549787-1536x1109.jpg 1536w\" sizes=\"(max-width: 1707px) 100vw, 1707px\" \/>\t\t\t\t\t\t\t\t\t\t\t\t\t\t\t<\/div>\n\t\t\t\t<\/div>\n\t\t\t\t<\/div>\n\t\t<div class=\"elementor-element elementor-element-96bd502 e-con-full e-flex e-con e-child\" data-id=\"96bd502\" data-element_type=\"container\">\n\t\t\t\t<div class=\"elementor-element elementor-element-a3059cc elementor-widget-tablet__width-inherit elementor-widget elementor-widget-heading\" data-id=\"a3059cc\" data-element_type=\"widget\" data-widget_type=\"heading.default\">\n\t\t\t\t<div class=\"elementor-widget-container\">\n\t\t\t\t\t<h2 class=\"elementor-heading-title elementor-size-default\">Eksklusiivisuutta er\u00e4maassa<\/h2>\t\t\t\t<\/div>\n\t\t\t\t<\/div>\n\t\t\t\t<div class=\"elementor-element elementor-element-1707dfc elementor-widget elementor-widget-text-editor\" data-id=\"1707dfc\" data-element_type=\"widget\" data-widget_type=\"text-editor.default\">\n\t\t\t\t<div class=\"elementor-widget-container\">\n\t\t\t\t\t\t\t\t\t<p>Arctic Kutturan tekee aidosti ainutlaatuiseksi palvelumme laatu ja sijaintimme syrj\u00e4isess\u00e4 ymp\u00e4rist\u00f6ss\u00e4. Sijaitsemme <b>aidossa saamelaiskyl\u00e4ss\u00e4, syv\u00e4ll\u00e4 er\u00e4maan syd\u00e4mess\u00e4<\/b>Olemme kaukana massaturismista, mik\u00e4 takaa vieraillemme <b>t\u00e4ydellisen yksityisyyden ja rauhan<\/b>Palvelumme on suunniteltu heille, jotka etsiv\u00e4t syv\u00e4llist\u00e4 el\u00e4myst\u00e4 \u2013 ei vain pikavierailua. T\u00e4\u00e4ll\u00e4 et ole osa suurta joukkoa, vaan sinut kutsutaan kokemaan poronhoito ja arktinen luonto henkil\u00f6kohtaisesti ja omaan tahtiisi.<\/p>\t\t\t\t\t\t\t\t<\/div>\n\t\t\t\t<\/div>\n\t\t\t\t<\/div>\n\t\t\t\t\t<\/div>\n\t\t\t\t<\/div>\n\t\t<div class=\"elementor-element elementor-element-839wbem e-flex e-con-boxed e-con e-parent\" data-id=\"839wbem\" data-element_type=\"container\" data-settings=\"{&quot;background_background&quot;:&quot;classic&quot;}\">\n\t\t\t\t\t<div class=\"e-con-inner\">\n\t\t\t\t<div class=\"elementor-element elementor-element-481e3a0 elementor-widget elementor-widget-heading\" data-id=\"481e3a0\" data-element_type=\"widget\" data-widget_type=\"heading.default\">\n\t\t\t\t<div class=\"elementor-widget-container\">\n\t\t\t\t\t<h2 class=\"elementor-heading-title elementor-size-default\">Porojen ehdoilla \u2013 lupauksemme vastuullisuudesta<\/h2>\t\t\t\t<\/div>\n\t\t\t\t<\/div>\n\t\t\t\t\t<\/div>\n\t\t\t\t<\/div>\n\t\t<div class=\"elementor-element elementor-element-3nomcyt e-flex e-con-boxed e-con e-parent\" data-id=\"3nomcyt\" data-element_type=\"container\" data-settings=\"{&quot;background_background&quot;:&quot;classic&quot;}\">\n\t\t\t\t\t<div class=\"e-con-inner\">\n\t\t<div class=\"elementor-element elementor-element-1f7f824 e-con-full e-flex e-con e-child\" data-id=\"1f7f824\" data-element_type=\"container\">\n\t\t\t\t<div class=\"elementor-element elementor-element-8a22b56 elementor-widget elementor-widget-heading\" data-id=\"8a22b56\" data-element_type=\"widget\" data-widget_type=\"heading.default\">\n\t\t\t\t<div class=\"elementor-widget-container\">\n\t\t\t\t\t<h2 class=\"elementor-heading-title elementor-size-default\">Kuttura \u2013 rauhan ja aitouden koti<\/h2>\t\t\t\t<\/div>\n\t\t\t\t<\/div>\n\t\t\t\t<div class=\"elementor-element elementor-element-70b1a4d elementor-widget elementor-widget-text-editor\" data-id=\"70b1a4d\" data-element_type=\"widget\" data-widget_type=\"text-editor.default\">\n\t\t\t\t<div class=\"elementor-widget-container\">\n\t\t\t\t\t\t\t\t\t<p>Kuttura on enemm\u00e4n kuin osoite \u2013 se on el\u00e4mys. Sen henke\u00e4 m\u00e4\u00e4ritt\u00e4v\u00e4t <b>aitous ja saamelaiskulttuuri<\/b>T\u00e4\u00e4ll\u00e4 tunnet historian ja perinteet jokaisessa tuulenhenk\u00e4yksess\u00e4, ja er\u00e4maan hiljaisuus opettaa sinulle luonnon voiman. T\u00e4m\u00e4 on t\u00e4ydellinen paikka lev\u00e4ht\u00e4\u00e4, luoda unohtumattomia muistoja ja unohtaa arjen kiireet. Tervetuloa paikkaan, jossa voit olla aidosti l\u00e4sn\u00e4, n\u00e4hd\u00e4 oikeat poronhoitajat ty\u00f6ss\u00e4\u00e4n ja tulla osaksi Lapin todellista tarinaa.<\/p>\t\t\t\t\t\t\t\t<\/div>\n\t\t\t\t<\/div>\n\t\t\t\t<div class=\"elementor-element elementor-element-4924590 elementor-widget elementor-widget-button\" data-id=\"4924590\" data-element_type=\"widget\" data-widget_type=\"button.default\">\n\t\t\t\t<div class=\"elementor-widget-container\">\n\t\t\t\t\t\t\t\t\t<div class=\"elementor-button-wrapper\">\n\t\t\t\t\t<a class=\"elementor-button elementor-button-link elementor-size-sm\" href=\"#\">\n\t\t\t\t\t\t<span class=\"elementor-button-content-wrapper\">\n\t\t\t\t\t\t\t\t\t<span class=\"elementor-button-text\">Tutustu eksklusiivisiin palveluihimme<\/span>\n\t\t\t\t\t<\/span>\n\t\t\t\t\t<\/a>\n\t\t\t\t<\/div>\n\t\t\t\t\t\t\t\t<\/div>\n\t\t\t\t<\/div>\n\t\t\t\t<\/div>\n\t\t<div class=\"elementor-element elementor-element-07afb6e e-con-full e-flex e-con e-child\" data-id=\"07afb6e\" data-element_type=\"container\">\n\t\t\t\t<div class=\"elementor-element elementor-element-83930a5 elementor-widget elementor-widget-image\" data-id=\"83930a5\" data-element_type=\"widget\" data-widget_type=\"image.default\">\n\t\t\t\t<div class=\"elementor-widget-container\">\n\t\t\t\t\t\t\t\t\t\t\t\t\t\t\t<img decoding=\"async\" width=\"1707\" height=\"2560\" src=\"https:\/\/arctickuttura.com\/wp-content\/uploads\/2025\/11\/pexels-photo-12736969-12736969-scaled.jpg\" class=\"attachment-full size-full wp-image-2936\" alt=\"Northern lights glow over a snowy forest in Oulu, Finland, creating a mesmerizing night sky scene.\" srcset=\"https:\/\/arctickuttura.com\/wp-content\/uploads\/2025\/11\/pexels-photo-12736969-12736969-scaled.jpg 1707w, https:\/\/arctickuttura.com\/wp-content\/uploads\/2025\/11\/pexels-photo-12736969-12736969-200x300.jpg 200w, https:\/\/arctickuttura.com\/wp-content\/uploads\/2025\/11\/pexels-photo-12736969-12736969-683x1024.jpg 683w, https:\/\/arctickuttura.com\/wp-content\/uploads\/2025\/11\/pexels-photo-12736969-12736969-768x1152.jpg 768w, https:\/\/arctickuttura.com\/wp-content\/uploads\/2025\/11\/pexels-photo-12736969-12736969-1024x1536.jpg 1024w, https:\/\/arctickuttura.com\/wp-content\/uploads\/2025\/11\/pexels-photo-12736969-12736969-1365x2048.jpg 1365w\" sizes=\"(max-width: 1707px) 100vw, 1707px\" \/>\t\t\t\t\t\t\t\t\t\t\t\t\t\t\t<\/div>\n\t\t\t\t<\/div>\n\t\t\t\t<\/div>\n\t\t\t\t\t<\/div>\n\t\t\t\t<\/div>\n\t\t\t\t<\/div>","protected":false},"excerpt":{"rendered":"<p>We Are Arctic Kuttura: The Authentic Lapland The Heritage of Kuttura: Sustainability and Ethics Reindeer herding is a way of life deeply ingrained in the soul of this wilderness. At Arctic Kuttura, we don&#8217;t just continue this tradition; we are fiercely committed to ensuring its endurance for generations to come. Our operations are governed by [&hellip;]<\/p>","protected":false},"author":1,"featured_media":0,"parent":0,"menu_order":0,"comment_status":"closed","ping_status":"closed","template":"","meta":{"_uag_custom_page_level_css":"","site-sidebar-layout":"no-sidebar","site-content-layout":"page-builder","ast-site-content-layout":"default","site-content-style":"default","site-sidebar-style":"default","ast-global-header-display":"","ast-banner-title-visibility":"","ast-main-header-display":"","ast-hfb-above-header-display":"","ast-hfb-below-header-display":"","ast-hfb-mobile-header-display":"","site-post-title":"disabled","ast-breadcrumbs-content":"","ast-featured-img":"disabled","footer-sml-layout":"","theme-transparent-header-meta":"enabled","adv-header-id-meta":"","stick-header-meta":"","header-above-stick-meta":"","header-main-stick-meta":"","header-below-stick-meta":"","astra-migrate-meta-layouts":"default","ast-page-background-enabled":"default","ast-page-background-meta":{"desktop":{"background-color":"var(--ast-global-color-4)","background-image":"","background-repeat":"repeat","background-position":"center center","background-size":"auto","background-attachment":"scroll","background-type":"","background-media":"","overlay-type":"","overlay-color":"","overlay-opacity":"","overlay-gradient":""},"tablet":{"background-color":"","background-image":"","background-repeat":"repeat","background-position":"center center","background-size":"auto","background-attachment":"scroll","background-type":"","background-media":"","overlay-type":"","overlay-color":"","overlay-opacity":"","overlay-gradient":""},"mobile":{"background-color":"","background-image":"","background-repeat":"repeat","background-position":"center center","background-size":"auto","background-attachment":"scroll","background-type":"","background-media":"","overlay-type":"","overlay-color":"","overlay-opacity":"","overlay-gradient":""}},"ast-content-background-meta":{"desktop":{"background-color":"var(--ast-global-color-5)","background-image":"","background-repeat":"repeat","background-position":"center center","background-size":"auto","background-attachment":"scroll","background-type":"","background-media":"","overlay-type":"","overlay-color":"","overlay-opacity":"","overlay-gradient":""},"tablet":{"background-color":"var(--ast-global-color-5)","background-image":"","background-repeat":"repeat","background-position":"center center","background-size":"auto","background-attachment":"scroll","background-type":"","background-media":"","overlay-type":"","overlay-color":"","overlay-opacity":"","overlay-gradient":""},"mobile":{"background-color":"var(--ast-global-color-5)","background-image":"","background-repeat":"repeat","background-position":"center center","background-size":"auto","background-attachment":"scroll","background-type":"","background-media":"","overlay-type":"","overlay-color":"","overlay-opacity":"","overlay-gradient":""}},"footnotes":""},"class_list":["post-2785","page","type-page","status-publish","hentry"],"uagb_featured_image_src":{"full":false,"thumbnail":false,"medium":false,"medium_large":false,"large":false,"1536x1536":false,"2048x2048":false,"trp-custom-language-flag":false},"uagb_author_info":{"display_name":"sofiae.magga@gmail.com","author_link":"https:\/\/arctickuttura.com\/fi\/author\/sofiae-maggagmail-com\/"},"uagb_comment_info":0,"uagb_excerpt":"We Are Arctic Kuttura: The Authentic Lapland The Heritage of Kuttura: Sustainability and Ethics Reindeer herding is a way of life deeply ingrained in the soul of this wilderness. At Arctic Kuttura, we don&#8217;t just continue this tradition; we are fiercely committed to ensuring its endurance for generations to come. Our operations are governed by&hellip;","_links":{"self":[{"href":"https:\/\/arctickuttura.com\/fi\/wp-json\/wp\/v2\/pages\/2785","targetHints":{"allow":["GET"]}}],"collection":[{"href":"https:\/\/arctickuttura.com\/fi\/wp-json\/wp\/v2\/pages"}],"about":[{"href":"https:\/\/arctickuttura.com\/fi\/wp-json\/wp\/v2\/types\/page"}],"author":[{"embeddable":true,"href":"https:\/\/arctickuttura.com\/fi\/wp-json\/wp\/v2\/users\/1"}],"replies":[{"embeddable":true,"href":"https:\/\/arctickuttura.com\/fi\/wp-json\/wp\/v2\/comments?post=2785"}],"version-history":[{"count":9,"href":"https:\/\/arctickuttura.com\/fi\/wp-json\/wp\/v2\/pages\/2785\/revisions"}],"predecessor-version":[{"id":2939,"href":"https:\/\/arctickuttura.com\/fi\/wp-json\/wp\/v2\/pages\/2785\/revisions\/2939"}],"wp:attachment":[{"href":"https:\/\/arctickuttura.com\/fi\/wp-json\/wp\/v2\/media?parent=2785"}],"curies":[{"name":"wp","href":"https:\/\/api.w.org\/{rel}","templated":true}]}}